{"id":934,"date":"2021-10-08T15:40:16","date_gmt":"2021-10-08T15:40:16","guid":{"rendered":"http:\/\/moja-terapia.pl\/?page_id=934"},"modified":"2025-05-28T19:14:17","modified_gmt":"2025-05-28T19:14:17","slug":"kawa-na-lawe","status":"publish","type":"page","link":"https:\/\/moja-terapia.pl\/?page_id=934","title":{"rendered":"KAWA NA \u0141AW\u0118"},"content":{"rendered":"<p style=\"text-align: justify;\"><span style=\"font-family: verdana, geneva, sans-serif; font-size: 14pt; color: #333333;\"><strong><a href=\"http:\/\/moja-terapia.pl\/wp-content\/uploads\/2023\/07\/coffee-cup.png\"><img loading=\"lazy\" decoding=\"async\" class=\"wp-image-1074 alignleft\" src=\"http:\/\/moja-terapia.pl\/wp-content\/uploads\/2023\/07\/coffee-cup-300x300.png\" alt=\"\" width=\"150\" height=\"150\" srcset=\"https:\/\/moja-terapia.pl\/wp-content\/uploads\/2023\/07\/coffee-cup-300x300.png 300w, https:\/\/moja-terapia.pl\/wp-content\/uploads\/2023\/07\/coffee-cup-150x150.png 150w, https:\/\/moja-terapia.pl\/wp-content\/uploads\/2023\/07\/coffee-cup-380x380.png 380w, https:\/\/moja-terapia.pl\/wp-content\/uploads\/2023\/07\/coffee-cup-285x285.png 285w, https:\/\/moja-terapia.pl\/wp-content\/uploads\/2023\/07\/coffee-cup.png 512w\" sizes=\"(max-width: 150px) 100vw, 150px\" \/><\/a>KAWA NA \u0141AW\u0118<\/strong> to gabinet psychoterapii i rozwoju, kt\u00f3ry wsp\u00f3\u0142tworz\u0119 z <strong>Karolin\u0105 Soleck\u0105<\/strong> i <span style=\"color: #000000;\"><span style=\"color: #333300;\"><a style=\"color: #333300;\" href=\"https:\/\/moja-terapia.pl\/?page_id=1278\"><strong>Anet\u0105 Papug\u0105<\/strong><\/a><\/span>.\u00a0<\/span><\/span><\/p>\n<p style=\"text-align: justify;\"><span style=\"color: #333333;\"><span style=\"font-family: verdana, geneva, sans-serif; font-size: 14pt;\">Pracujemy z osobami indywidualnymi, parami i grupami. W zale\u017cno\u015bci od potrzeb, mo\u017cliwo\u015bci i decyzji Klient\u00f3w: dora\u017anie, kr\u00f3tko- i d\u0142ugoterminowo, integruj\u0105c r\u00f3\u017cne podej\u015bcia terapeutyczne.\u00a0<\/span><span style=\"font-family: verdana, geneva, sans-serif; font-size: 14pt;\">Wsp\u00f3lnie d\u0105\u017cymy do pe\u0142niejszego odczuwania siebie, odzyskania kontaktu z w\u0142asnymi pragnieniami i mo\u017cliwo\u015bciami, wypracowania konstruktywnych sposob\u00f3w zaspokajania potrzeb, lepszego wykorzystywania w\u0142asnej si\u0142y wewn\u0119trznej i dost\u0119pnego wsparcia.<\/span><\/span><\/p>\n<p style=\"text-align: justify;\"><span style=\"font-family: verdana, geneva, sans-serif; font-size: 14pt; color: #333333;\">Wierzymy, \u017ce ka\u017cdy cz\u0142owiek przychodz\u0105c na \u015bwiat, ma w sobie naturaln\u0105 zdolno\u015b\u0107 do\u00a0rozwoju, przezwyci\u0119\u017cania kryzys\u00f3w, nawi\u0105zywania bliskich i trwa\u0142ych relacji, z kt\u00f3r\u0105 czasem, na skutek r\u00f3\u017cnych okoliczno\u015bci \u017cyciowych, traci kontakt. W trakcie terapii da\u017cymy do uzyskania lepszego wgl\u0105du w my\u015bli, emocje i sygna\u0142y z cia\u0142a po to, \u017ceby je na nowo zintegrowa\u0107 i t\u0119 zdolno\u015b\u0107 odzyska\u0107.<\/span><\/p>\n<p style=\"text-align: justify;\"><span style=\"color: #333333;\"><span style=\"font-family: verdana, geneva, sans-serif; font-size: 14pt;\">Czujemy podobnie, cho\u0107 pracujemy w r\u00f3\u017cnych podej\u015bciach terapeutycznych.\u00a0<\/span><span style=\"font-family: verdana, geneva, sans-serif; font-size: 14pt;\">W \u017cyciu prywatnym i zawodowym wszystkiee kierujemy si\u0119 zasad\u0105 otwarto\u015bci i szacunku w odniesieniu do warto\u015bci i przekona\u0144, jakimi kieruj\u0105 si\u0119 ludzie, dokonuj\u0105c \u017cyciowych wybor\u00f3w.<\/span><\/span><\/p>\n<p style=\"text-align: justify;\"><span style=\"font-family: verdana, geneva, sans-serif; font-size: 14pt; color: #333333;\">Wybra\u0142y\u015bmy nazw\u0119 &#8222;KAWA NA \u0141AW\u0118&#8221;, poniewa\u017c wierzymy, \u017ce jest niewiele temat\u00f3w, na kt\u00f3re nie mo\u017cna rozmawia\u0107. Wi\u0119cej jest takich, kt\u00f3rych decydujemy si\u0119 nie porusza\u0107 &#8211; ze wstydu, ze strachu przed konsekwencjami, z przyzwyczajenia. Zale\u017cy nam, \u017ceby tworzy\u0107 przestrze\u0144, w kt\u00f3rej to b\u0119dzie mo\u017cliwe.<\/span><\/p>\n<p style=\"text-align: justify;\">\u00a0<\/p>\n\n\n<\/span><\/p>\r\n<p style=\"text-align: justify;\"><span style=\"font-family: verdana, geneva, sans-serif; font-size: 14pt; color: #333333;\">Za fundament naszej pracy uwa\u017camy opart\u0105 na wzajemnej szczero\u015bci, zaufaniu i akceptacji relacj\u0119 terpeutyczn\u0105. Czasem jej zbudowanie zajmuje troch\u0119 czasu.<\/span><\/p>\r\n<p style=\"text-align: justify;\"><span style=\"font-family: verdana, geneva, sans-serif; font-size: 14pt; color: #333333;\">\n\n\n\n<\/span><\/p>\n","protected":false},"excerpt":{"rendered":"<p>KAWA NA \u0141AW\u0118 to gabinet psychoterapii i rozwoju, kt\u00f3ry wsp\u00f3\u0142tworz\u0119 z Karolin\u0105 Soleck\u0105 i Anet\u0105 Papug\u0105.\u00a0 Pracujemy z osobami indywidualnymi, parami i grupami. W zale\u017cno\u015bci od potrzeb, mo\u017cliwo\u015bci i decyzji Klient\u00f3w: dora\u017anie, kr\u00f3tko- i d\u0142ugoterminowo, integruj\u0105c r\u00f3\u017cne podej\u015bcia terapeutyczne.\u00a0Wsp\u00f3lnie d\u0105\u017cymy do pe\u0142niejszego odczuwania siebie, odzyskania kontaktu z w\u0142asnymi pragnieniami i mo\u017cliwo\u015bciami, wypracowania konstruktywnych sposob\u00f3w zaspokajania [&hellip;]<\/p>\n","protected":false},"author":1,"featured_media":0,"parent":0,"menu_order":0,"comment_status":"closed","ping_status":"closed","template":"","meta":{"footnotes":""},"categories":[],"tags":[],"_links":{"self":[{"href":"https:\/\/moja-terapia.pl\/index.php?rest_route=\/wp\/v2\/pages\/934"}],"collection":[{"href":"https:\/\/moja-terapia.pl\/index.php?rest_route=\/wp\/v2\/pages"}],"about":[{"href":"https:\/\/moja-terapia.pl\/index.php?rest_route=\/wp\/v2\/types\/page"}],"author":[{"embeddable":true,"href":"https:\/\/moja-terapia.pl\/index.php?rest_route=\/wp\/v2\/users\/1"}],"replies":[{"embeddable":true,"href":"https:\/\/moja-terapia.pl\/index.php?rest_route=%2Fwp%2Fv2%2Fcomments&post=934"}],"version-history":[{"count":16,"href":"https:\/\/moja-terapia.pl\/index.php?rest_route=\/wp\/v2\/pages\/934\/revisions"}],"predecessor-version":[{"id":1308,"href":"https:\/\/moja-terapia.pl\/index.php?rest_route=\/wp\/v2\/pages\/934\/revisions\/1308"}],"wp:attachment":[{"href":"https:\/\/moja-terapia.pl\/index.php?rest_route=%2Fwp%2Fv2%2Fmedia&parent=934"}],"wp:term":[{"taxonomy":"category","embeddable":true,"href":"https:\/\/moja-terapia.pl\/index.php?rest_route=%2Fwp%2Fv2%2Fcategories&post=934"},{"taxonomy":"post_tag","embeddable":true,"href":"https:\/\/moja-terapia.pl\/index.php?rest_route=%2Fwp%2Fv2%2Ftags&post=934"}],"curies":[{"name":"wp","href":"https:\/\/api.w.org\/{rel}","templated":true}]}}