{"id":835,"date":"2020-01-07T15:50:54","date_gmt":"2020-01-07T15:50:54","guid":{"rendered":"http:\/\/moja-terapia.pl\/?page_id=835"},"modified":"2020-01-07T15:53:02","modified_gmt":"2020-01-07T15:53:02","slug":"polityka-prywatnosci","status":"publish","type":"page","link":"https:\/\/moja-terapia.pl\/?page_id=835","title":{"rendered":"POLITYKA PRYWATNO\u015aCI"},"content":{"rendered":"<pre class=\"wp-block-preformatted\"><span style=\"font-family: georgia, palatino, serif;\">Jako start-up, korzystam z osobowo\u015bci prawnej Fundacji \"Tw\u00f3j Start UP\", kt\u00f3ra jest administratorem danych osobowych udost\u0119pnionych przez moich Klient\u00f3w.\r\n\r\nDane osobowe przetwarzane s\u0105 w nast\u0119puj\u0105cych celach:\r\n\r\n1. Realizacji us\u0142ugi, to znaczy:\r\n1.1.Korespondencji i kontaktu telefonicznego w zwi\u0105zku z realiacj\u0105 us\u0142ug.\r\n1.2.Przygotowania listy potwierdzaj\u0105cej obecno\u015b\u0107.\r\n1.3.Przygotowania za\u015bwiadczenia o udziale w us\u0142udze.\r\n\r\n2. Je\u015bli nie wyrazi Pan\/Pani sprzeciwu, mog\u0119 przetwarza\u0107 je w celu informowania Pana\/Pani o planowanych dzia\u0142aniach (warsztaty, grupy rozwojowe i terapeutyczne, itp.) poprzez dost\u0119pne kana\u0142y komunikacji w szczeg\u00f3lno\u015bci poprzez e-mail.\r\n\r\n3. Dokonywania rozlicze\u0144, w tym wystawiania faktur.\r\n\r\nProsz\u0119 o zapoznanie si\u0119 ze szczeg\u00f3\u0142owymi zasadami przetwarzania danych osobowych w Fundacji:\r\n<a href=\"https:\/\/twojstartup.pl\/ObowiazekInformacyjnyRODOFundacja23-05-2018.pdf\" target=\"_blank\" rel=\"noreferrer noopener\">https:\/\/twojstartup.pl\/ObowiazekInformacyjnyRODOFundacja23-05-2018.pdf<\/a><\/span><\/pre>\n","protected":false},"excerpt":{"rendered":"<p>Jako start-up, korzystam z osobowo\u015bci prawnej Fundacji &#8222;Tw\u00f3j Start UP&#8221;, kt\u00f3ra jest administratorem danych osobowych udost\u0119pnionych przez moich Klient\u00f3w. Dane osobowe przetwarzane s\u0105 w nast\u0119puj\u0105cych celach: 1. Realizacji us\u0142ugi, to znaczy: 1.1.Korespondencji i kontaktu telefonicznego w zwi\u0105zku z realiacj\u0105 us\u0142ug. 1.2.Przygotowania listy potwierdzaj\u0105cej obecno\u015b\u0107. 1.3.Przygotowania za\u015bwiadczenia o udziale w us\u0142udze. 2. Je\u015bli nie wyrazi Pan\/Pani [&hellip;]<\/p>\n","protected":false},"author":1,"featured_media":0,"parent":0,"menu_order":0,"comment_status":"closed","ping_status":"closed","template":"","meta":{"footnotes":""},"categories":[],"tags":[],"_links":{"self":[{"href":"https:\/\/moja-terapia.pl\/index.php?rest_route=\/wp\/v2\/pages\/835"}],"collection":[{"href":"https:\/\/moja-terapia.pl\/index.php?rest_route=\/wp\/v2\/pages"}],"about":[{"href":"https:\/\/moja-terapia.pl\/index.php?rest_route=\/wp\/v2\/types\/page"}],"author":[{"embeddable":true,"href":"https:\/\/moja-terapia.pl\/index.php?rest_route=\/wp\/v2\/users\/1"}],"replies":[{"embeddable":true,"href":"https:\/\/moja-terapia.pl\/index.php?rest_route=%2Fwp%2Fv2%2Fcomments&post=835"}],"version-history":[{"count":3,"href":"https:\/\/moja-terapia.pl\/index.php?rest_route=\/wp\/v2\/pages\/835\/revisions"}],"predecessor-version":[{"id":839,"href":"https:\/\/moja-terapia.pl\/index.php?rest_route=\/wp\/v2\/pages\/835\/revisions\/839"}],"wp:attachment":[{"href":"https:\/\/moja-terapia.pl\/index.php?rest_route=%2Fwp%2Fv2%2Fmedia&parent=835"}],"wp:term":[{"taxonomy":"category","embeddable":true,"href":"https:\/\/moja-terapia.pl\/index.php?rest_route=%2Fwp%2Fv2%2Fcategories&post=835"},{"taxonomy":"post_tag","embeddable":true,"href":"https:\/\/moja-terapia.pl\/index.php?rest_route=%2Fwp%2Fv2%2Ftags&post=835"}],"curies":[{"name":"wp","href":"https:\/\/api.w.org\/{rel}","templated":true}]}}