{"id":50,"date":"2017-02-13T21:06:13","date_gmt":"2017-02-13T21:06:13","guid":{"rendered":"http:\/\/moja-terapia.pl\/?page_id=50"},"modified":"2021-06-15T14:47:12","modified_gmt":"2021-06-15T14:47:12","slug":"czytelnia","status":"publish","type":"page","link":"https:\/\/moja-terapia.pl\/?page_id=50","title":{"rendered":"CZYTELNIA"},"content":{"rendered":"<p style=\"text-align: justify;\"><span style=\"font-family: verdana, geneva, sans-serif; font-size: 14pt; color: #333333;\">Co\u015b o ka\u017cdym z nas&#8230;<\/span><\/p>\n<p style=\"text-align: justify;\"><span style=\"color: #333333; font-family: verdana, geneva, sans-serif; font-size: 14pt;\"><br \/>\n&#8222;<strong>Jestem sob\u0105. Na ca\u0142ym \u015bwiecie nie ma drugiej takiej samej osoby. Istniej\u0105 ludzie, kt\u00f3rzy s\u0105 do mnie cz\u0119\u015bciowo podobni, ale nikt nie jest dok\u0142adnie taki sam. Dl<span class=\"text_exposed_show\">atego te\u017c wszystko, co ode mnie pochodzi, jest ca\u0142kowicie moje, poniewa\u017c to ja dokonuj\u0119 wybor\u00f3w. <\/span><\/strong><\/span><\/p>\n<div class=\"text_exposed_show\">\n<p style=\"text-align: justify;\"><span style=\"color: #333333; font-family: verdana, geneva, sans-serif; font-size: 14pt;\">Wszystko co mnie dotyczy nale\u017cy do mnie: moje cia\u0142o, w\u0142\u0105czaj\u0105c w to wszystkie jego uczynki; m\u00f3j umys\u0142, oraz wszystkie moje my\u015bli i przekonania; moje oczy wraz z wszelkimi obrazami, kt\u00f3re spostrzegaj\u0105; moje uczucia, jakiekolwiek by by\u0142y: z\u0142o\u015b\u0107, rado\u015b\u0107, frustracja, mi\u0142o\u015b\u0107, rozczarowanie, podniecenie; moje usta i wszystkie s\u0142owa, kt\u00f3re wypowiadaj\u0105: uprzejme, mi\u0142e, czy szorstkie, poprawne i niepoprawne; m\u00f3j g\u0142os, dono\u015bny lub \u0142agodny; i wszystkie moje czyny w stosunku do innych i do mnie samej.<\/span><\/p>\n<p style=\"text-align: justify;\"><span style=\"color: #333333; font-family: verdana, geneva, sans-serif; font-size: 14pt;\">Do mnie nale\u017c\u0105 moje fantazje, marzenia, nadzieje i l\u0119ki. <strong>Do mnie nale\u017c\u0105 moje triumfy i sukcesy, moje pora\u017cki i b\u0142\u0119dy. Poniewa\u017c to wszystko nale\u017cy do mnie, jestem w stanie dog\u0142\u0119bnie pozna\u0107 siebie. A dzi\u0119ki temu- darzy\u0107 siebie mi\u0142o\u015bci\u0105 i \u017cywi\u0107 przyjazne uczucia w stosunku do ka\u017cdej swojej cz\u0119\u015bci. Mog\u0119 sprawi\u0107, aby wysi\u0142ek ca\u0142ej mojej osoby mia\u0142 na celu moje dobro.<\/strong><\/span><\/p>\n<p style=\"text-align: justify;\"><span style=\"color: #333333; font-family: verdana, geneva, sans-serif; font-size: 14pt;\">Istniej\u0105 takie aspekty mojej osobowo\u015bci, kt\u00f3re s\u0105 dla mnie zagadkowe i nieznane. Ale dop\u00f3ki darz\u0119 siebie mi\u0142o\u015bci\u0105, <strong>mog\u0119 z odwag\u0105 i nadziej\u0105 pr\u00f3bowa\u0107 wyja\u015bnia\u0107 to, czego nie rozumiem i poszukiwa\u0107 sposob\u00f3w lepszego poznania siebie samego<\/strong>.<\/span><\/p>\n<p style=\"text-align: justify;\"><span style=\"color: #333333; font-family: verdana, geneva, sans-serif; font-size: 14pt;\">Jakkolwiek wygl\u0105dam, brzmi\u0119, cokolwiek m\u00f3wi\u0119 i robi\u0119, my\u015bl\u0119 lub czuj\u0119 w danym momencie, to jestem ja. Wszystko to jest autentyczne i ukazuje moj\u0105 sytuacj\u0119 w danej chwili.<\/span><\/p>\n<p style=\"text-align: justify;\"><span style=\"color: #333333; font-family: verdana, geneva, sans-serif; font-size: 14pt;\">Kiedy spogl\u0105dam w przesz\u0142o\u015b\u0107 na to jak wygl\u0105da\u0142am i brzmia\u0142am, co robi\u0142am i m\u00f3wi\u0142am, czu\u0142am i my\u015bla\u0142am, mog\u0119 uwa\u017ca\u0107, \u017ce niekt\u00f3re elementy nie pasuj\u0105 do ca\u0142o\u015bci. Mog\u0119 je odrzuci\u0107 i stworzy\u0107 w ich miejsce nowe.<\/span><\/p>\n<p style=\"text-align: justify;\"><span style=\"font-family: verdana, geneva, sans-serif; font-size: 14pt;\"><strong><span style=\"color: #333333;\">Jestem w stanie patrze\u0107, s\u0142ucha\u0107, czu\u0107, my\u015ble\u0107, m\u00f3wi\u0107 i dzia\u0142a\u0107. Mam narz\u0119dzia niezb\u0119dne, aby przetrwa\u0107, nawi\u0105zywa\u0107 kontakty z innymi, aby by\u0107 tw\u00f3rcza, wprowadza\u0107 sens i \u0142ad w \u015bwiecie, w\u015br\u00f3d ludzi i rzeczy, kt\u00f3re s\u0105 na zewn\u0105trz mnie. Nale\u017c\u0119 do siebie i dlatego te\u017c mog\u0119 sob\u0105 kierowa\u0107.<\/span><\/strong><\/span><br \/>\n<span style=\"color: #333333; font-family: verdana, geneva, sans-serif; font-size: 14pt;\"> <strong> Jestem sob\u0105 i jestem w porz\u0105dku<\/strong>\u201d.<\/span><\/p>\n<p style=\"text-align: justify;\"><span style=\"font-family: verdana, geneva, sans-serif; font-size: 14pt;\"><em><span style=\"color: #333333;\">Virginia Satir<\/span><\/em><\/span><\/p>\n<\/div>\n","protected":false},"excerpt":{"rendered":"<p>Co\u015b o ka\u017cdym z nas&#8230; &#8222;Jestem sob\u0105. Na ca\u0142ym \u015bwiecie nie ma drugiej takiej samej osoby. Istniej\u0105 ludzie, kt\u00f3rzy s\u0105 do mnie cz\u0119\u015bciowo podobni, ale nikt nie jest dok\u0142adnie taki sam. Dlatego te\u017c wszystko, co ode mnie pochodzi, jest ca\u0142kowicie moje, poniewa\u017c to ja dokonuj\u0119 wybor\u00f3w. Wszystko co mnie dotyczy nale\u017cy do mnie: moje cia\u0142o, [&hellip;]<\/p>\n","protected":false},"author":1,"featured_media":0,"parent":0,"menu_order":0,"comment_status":"closed","ping_status":"closed","template":"","meta":{"footnotes":""},"categories":[],"tags":[],"_links":{"self":[{"href":"https:\/\/moja-terapia.pl\/index.php?rest_route=\/wp\/v2\/pages\/50"}],"collection":[{"href":"https:\/\/moja-terapia.pl\/index.php?rest_route=\/wp\/v2\/pages"}],"about":[{"href":"https:\/\/moja-terapia.pl\/index.php?rest_route=\/wp\/v2\/types\/page"}],"author":[{"embeddable":true,"href":"https:\/\/moja-terapia.pl\/index.php?rest_route=\/wp\/v2\/users\/1"}],"replies":[{"embeddable":true,"href":"https:\/\/moja-terapia.pl\/index.php?rest_route=%2Fwp%2Fv2%2Fcomments&post=50"}],"version-history":[{"count":11,"href":"https:\/\/moja-terapia.pl\/index.php?rest_route=\/wp\/v2\/pages\/50\/revisions"}],"predecessor-version":[{"id":492,"href":"https:\/\/moja-terapia.pl\/index.php?rest_route=\/wp\/v2\/pages\/50\/revisions\/492"}],"wp:attachment":[{"href":"https:\/\/moja-terapia.pl\/index.php?rest_route=%2Fwp%2Fv2%2Fmedia&parent=50"}],"wp:term":[{"taxonomy":"category","embeddable":true,"href":"https:\/\/moja-terapia.pl\/index.php?rest_route=%2Fwp%2Fv2%2Fcategories&post=50"},{"taxonomy":"post_tag","embeddable":true,"href":"https:\/\/moja-terapia.pl\/index.php?rest_route=%2Fwp%2Fv2%2Ftags&post=50"}],"curies":[{"name":"wp","href":"https:\/\/api.w.org\/{rel}","templated":true}]}}