{"id":38,"date":"2017-02-13T20:56:03","date_gmt":"2017-02-13T20:56:03","guid":{"rendered":"http:\/\/moja-terapia.pl\/?page_id=38"},"modified":"2025-05-28T19:12:20","modified_gmt":"2025-05-28T19:12:20","slug":"kila-slow-o-mnie","status":"publish","type":"page","link":"https:\/\/moja-terapia.pl\/?page_id=38","title":{"rendered":"KILKA S\u0141\u00d3W O MNIE"},"content":{"rendered":"<p style=\"text-align: justify;\"><span style=\"color: #333333;\"><span style=\"font-family: verdana, geneva, sans-serif;\"><span style=\"font-size: 14pt;\"><strong>Jestem dyplomowan\u0105 psycholo\u017ck\u0105 spo\u0142eczn\u0105 i psychoterapeutk\u0105<\/strong>. Uko\u0144czy\u0142am <\/span><\/span><span style=\"font-family: verdana, geneva, sans-serif;\"><span style=\"font-size: 14pt;\"><a style=\"color: #333333;\" href=\"http:\/\/www.osrodekintra.pl\/edukacja-psychoterapeutow\/\">Szko\u0142\u0119 Psychoterapii O\u015brodka INTRA\u00a0<\/a><\/span><\/span><span style=\"font-family: verdana, geneva, sans-serif;\"><span style=\"font-size: 14pt;\">rekomendowan\u0105 przez <a style=\"color: #333333;\" href=\"http:\/\/www.ptp.org.pl\/modules.php?name=News&amp;file=article&amp;sid=54\">Polskie Towarzystwo Psychologiczne.<\/a><\/span><\/span><span style=\"font-family: verdana, geneva, sans-serif;\"><span style=\"font-size: 14pt;\">\u00a0Mam za sob\u0105 sta\u017ce kliniczne w<\/span><\/span><span style=\"font-family: verdana, geneva, sans-serif;\"><span style=\"font-size: 14pt;\"> I Klinice Psychiatrycznej <a style=\"color: #333333;\" href=\"http:\/\/www.ipin.edu.pl\/\">Instytutu Psychiatrii i Neurologii<\/a>,\u00a0<a style=\"color: #333333;\" href=\"http:\/\/www.wim.mil.pl\/92-struktura-wim\/orodek-schorze-narzdu-ruchu-traumatologii-i-ps\/309-klinika-psychiatrii-i-stresu-bojowego\">Klinice Psychiatrii Wojskowego Instytutu Medycznego,\u00a0<\/a>roczny sta\u017c w krakowskim Instytucie <a style=\"color: #333333;\" href=\"http:\/\/instytutgestalt.pl\/\">Terapii Gestalt<\/a>, \u00a0kurs mediacji w <a style=\"color: #333333;\" href=\"http:\/\/mediator.org.pl\/\">Polskim Centrum Mediacji<\/a>, kursy asertywno\u015bci, komunikacji bez przemocy (NVC), wiele godzin trening\u00f3w, warsztat\u00f3w i terapii w\u0142asnej (indywidualnej i grupowej).\u00a0<\/span><\/span><\/span><\/p>\n<p style=\"text-align: justify;\"><span style=\"color: #333333;\"><span style=\"font-family: verdana, geneva, sans-serif;\"><span style=\"font-size: 14pt;\">Przez wiele lat prowadzi\u0142am wywiady i badania dla instytucji zajmuj\u0105cych si\u0119 polityk\u0105 spo\u0142eczn\u0105 i biznesu. Nast\u0119pnie, ju\u017c jako psychoterapeutka, udziela\u0142am wsparcia psychologicznego pacjentom warszawskiego <a style=\"color: #333333;\" href=\"http:\/\/coi.pl\/?go=content&amp;contentID=2\">Centrum Onkologii<\/a>\u00a0\u00a0i pomaga\u0142am w przechodzeniu procesu \u017ca\u0142oby osobom po do\u015bwiadczeniu straty w\u00a0<\/span><\/span><span style=\"font-family: verdana, geneva, sans-serif;\"><span style=\"font-size: 14pt;\"><a style=\"color: #333333;\" href=\"http:\/\/coi.pl\/?go=content&amp;contentID=2\">fundacji\u00a0<\/a><\/span><\/span><span style=\"font-family: verdana, geneva, sans-serif;\"><span style=\"font-size: 14pt;\"><a style=\"color: #333333;\" href=\"http:\/\/naglesami.org.pl\/\">Nagle Sami<\/a>.\u00a0<\/span><\/span><\/span><\/p>\n<p style=\"text-align: justify;\"><span style=\"color: #333333;\"><strong><span style=\"font-family: verdana, geneva, sans-serif; font-size: 14pt;\">Obecnie prowadz\u0119 w Warszawie gabinet psychoterapii i rozwoju \u201eKAWA NA \u0141AW\u0118\u201d. Przyjmuj\u0119 na \u017boliborzu i <\/span><span style=\"font-family: verdana, geneva, sans-serif; font-size: 14pt;\">Ochocie<\/span><span style=\"font-family: verdana, geneva, sans-serif; font-size: 14pt;\">.<\/span><span style=\"font-family: verdana, geneva, sans-serif; font-size: 14pt;\">\u00a0Pracuj\u0119 indywidualnie, z parami i grupami.<\/span><\/strong><\/span><\/p>\n<p><span style=\"font-family: verdana, geneva, sans-serif; font-size: 14pt; color: #333333;\">Specjalizuj\u0119 si\u0119 w pracy z kobietami i m\u0119\u017cczyznami wysokowra\u017cliwymi, z ADHD, mierz\u0105cymi si\u0119 z konsekwencjami traum relacyjnych i rozwojowych, w depresji (to wszystko czesto wsp\u00f3\u0142wyst\u0119puje), \u0142\u0105cz\u0105c r\u00f3\u017cne podej\u015bcia humanistyczne. Za podstaw\u0119 udanej terapii uwa\u017cam relacj\u0119, zbudowan\u0105 na wzajemnej szczero\u015bci, zaufaniu i akceptacji. Wierz\u0119, \u017ce dzi\u0119ki niej mo\u017cemy spojrze\u0107 na siebie z czu\u0142o\u015bci\u0105, zaakceptowa\u0107 w\u0142asne zdolno\u015bci i ograniczenia, znale\u017a\u0107 si\u0142\u0119 potrzebn\u0105 do pogodzenia si\u0119 z tym co stracili\u015bmy i odwag\u0119 do si\u0119gania po to, czego pragniemy.<\/span><\/p>\n<p style=\"text-align: justify;\"><span style=\"font-size: 14pt; font-family: verdana, geneva, sans-serif; color: #333333;\">Interesuje mnie cz\u0142owiek i jego relacje ze \u015bwiatem &#8211; to\u00a0jak czujemy\u00a0i my\u015blimy, co robimy, a czego nie\u00a0i z jakiego powodu. Dla r\u00f3wnowagi s<\/span><span style=\"font-size: 14pt; font-family: verdana, geneva, sans-serif; color: #333333;\">poro czasu sp\u0119dzam ze zwierz\u0119tami, poznaj\u0105c ich j\u0119zyk, buduj\u0105c relacje, ucz\u0105c si\u0119 bycia obecn\u0105 tu i teraz.<\/span><\/p>\n<p style=\"text-align: justify;\"><span style=\"font-size: 14pt; font-family: verdana, geneva, sans-serif; color: #333333;\">Poza tym&#8230;<\/span><\/p>\n<p style=\"text-align: justify;\"><span style=\"font-size: 14pt; font-family: verdana, geneva, sans-serif; color: #333333;\">du\u017co czytam, coraz mniej ogl\u0105dam, doceniam ciekaw\u0105 fotografi\u0119 i dobr\u0105 muzyk\u0119, cho\u0107 nie jestem przywi\u0105zana do konkretnych styl\u00f3w i nazwisk. Lubi\u0119 \u015bpiewa\u0107, zw\u0142aszcza pie\u015bni tradycyjne, gotowa\u0107, je\u017adzi\u0107 konno, w\u0119drowa\u0107 po \u0142\u0105kach i lasach, zwiedza\u0107 okolic\u0119 Junakiem m12v:)<\/span><\/p>\n<p style=\"text-align: justify;\"><span style=\"font-size: 14pt; font-family: verdana, geneva, sans-serif; color: #333333;\">Jestem prawie pi\u0119\u0107dziesi\u0119cioletni\u0105 neuronietypow\u0105 kobiet\u0105 kochaj\u0105c\u0105 \u017cycie z ca\u0142\u0105 jego z\u0142o\u017cono\u015bci\u0105 &#8211; mam\u0105 doros\u0142ego syna, \u017con\u0105, siostr\u0105, przyjaci\u00f3\u0142k\u0105, c\u00f3rk\u0105, ciotk\u0105, s\u0105siadk\u0105, ogrodniczk\u0105, motorzystk\u0105, konstruktork\u0105 przypadkowych rozwi\u0105za\u0144&#8230;\u00a0<\/span><\/p>\n<p style=\"text-align: left;\"><span style=\"color: #333333;\"><span style=\"font-family: verdana, geneva, sans-serif; font-size: 14pt;\"><a href=\"http:\/\/moja-terapia.pl\/wp-content\/uploads\/2024\/09\/IMG_20240909_110105-scaled.jpg\"><img loading=\"lazy\" decoding=\"async\" class=\"wp-image-1246 size-medium alignleft\" src=\"http:\/\/moja-terapia.pl\/wp-content\/uploads\/2024\/09\/IMG_20240909_110105-225x300.jpg\" alt=\"\" width=\"225\" height=\"300\" data-pin-me-only=\"true\" srcset=\"https:\/\/moja-terapia.pl\/wp-content\/uploads\/2024\/09\/IMG_20240909_110105-225x300.jpg 225w, https:\/\/moja-terapia.pl\/wp-content\/uploads\/2024\/09\/IMG_20240909_110105-766x1024.jpg 766w, https:\/\/moja-terapia.pl\/wp-content\/uploads\/2024\/09\/IMG_20240909_110105-768x1026.jpg 768w, https:\/\/moja-terapia.pl\/wp-content\/uploads\/2024\/09\/IMG_20240909_110105-1150x1536.jpg 1150w, https:\/\/moja-terapia.pl\/wp-content\/uploads\/2024\/09\/IMG_20240909_110105-1533x2048.jpg 1533w, https:\/\/moja-terapia.pl\/wp-content\/uploads\/2024\/09\/IMG_20240909_110105-scaled.jpg 1916w\" sizes=\"(max-width: 225px) 100vw, 225px\" \/><\/a>Zgadzam si\u0119 z Ericsonem, \u017ce nasze \u017cycie <\/span><span style=\"font-family: verdana, geneva, sans-serif; font-size: 14pt;\">to nic wielkiego, ale to wszystko co mamy.<sup>\u00a0<\/sup><\/span><span style=\"font-family: verdana, geneva, sans-serif; font-size: 14pt;\">Dlatego warto mie\u0107 na nie wp\u0142yw!<\/span><\/span><\/p>\n<p><span style=\"font-size: 14pt; color: #000000; font-family: verdana, geneva, sans-serif;\">Zapraszam Ci\u0119,<\/span><\/p>\n<p><em><span style=\"font-size: 14pt; color: #000000;\">Agnieszka Sidewicz-Mo\u015bcicka<\/span><\/em><\/p>\n<p style=\"text-align: left;\"><span style=\"color: #333333; font-family: verdana, geneva, sans-serif;\"><a style=\"color: #333333;\" href=\"http:\/\/moja-terapia.pl\/?page_id=263\">KONTAKT<\/a><br \/>\n<a style=\"color: #333333;\" href=\"http:\/\/moja-terapia.pl\/?page_id=2\">PSYCHOTERAPIA INDYWIDUALNA<\/a><br \/>\n<a style=\"color: #333333;\" href=\"http:\/\/moja-terapia.pl\/?page_id=35\">PSYCHOTERAPIA PAR<\/a><a style=\"color: #333333;\" href=\"http:\/\/moja-terapia.pl\/?page_id=35\"><br \/>\n<\/a><a style=\"color: #333333;\" href=\"http:\/\/moja-terapia.pl\/?page_id=92\">INNE FORMY POMOCY<\/a><\/span><\/p>\n<p style=\"text-align: left;\"><span style=\"color: #333333;\">\u00a0<\/span><\/p>\n","protected":false},"excerpt":{"rendered":"<p>Jestem dyplomowan\u0105 psycholo\u017ck\u0105 spo\u0142eczn\u0105 i psychoterapeutk\u0105. Uko\u0144czy\u0142am Szko\u0142\u0119 Psychoterapii O\u015brodka INTRA\u00a0rekomendowan\u0105 przez Polskie Towarzystwo Psychologiczne.\u00a0Mam za sob\u0105 sta\u017ce kliniczne w I Klinice Psychiatrycznej Instytutu Psychiatrii i Neurologii,\u00a0Klinice Psychiatrii Wojskowego Instytutu Medycznego,\u00a0roczny sta\u017c w krakowskim Instytucie Terapii Gestalt, \u00a0kurs mediacji w Polskim Centrum Mediacji, kursy asertywno\u015bci, komunikacji bez przemocy (NVC), wiele godzin trening\u00f3w, warsztat\u00f3w i terapii [&hellip;]<\/p>\n","protected":false},"author":1,"featured_media":0,"parent":0,"menu_order":0,"comment_status":"closed","ping_status":"closed","template":"","meta":{"footnotes":""},"categories":[],"tags":[],"_links":{"self":[{"href":"https:\/\/moja-terapia.pl\/index.php?rest_route=\/wp\/v2\/pages\/38"}],"collection":[{"href":"https:\/\/moja-terapia.pl\/index.php?rest_route=\/wp\/v2\/pages"}],"about":[{"href":"https:\/\/moja-terapia.pl\/index.php?rest_route=\/wp\/v2\/types\/page"}],"author":[{"embeddable":true,"href":"https:\/\/moja-terapia.pl\/index.php?rest_route=\/wp\/v2\/users\/1"}],"replies":[{"embeddable":true,"href":"https:\/\/moja-terapia.pl\/index.php?rest_route=%2Fwp%2Fv2%2Fcomments&post=38"}],"version-history":[{"count":175,"href":"https:\/\/moja-terapia.pl\/index.php?rest_route=\/wp\/v2\/pages\/38\/revisions"}],"predecessor-version":[{"id":1341,"href":"https:\/\/moja-terapia.pl\/index.php?rest_route=\/wp\/v2\/pages\/38\/revisions\/1341"}],"wp:attachment":[{"href":"https:\/\/moja-terapia.pl\/index.php?rest_route=%2Fwp%2Fv2%2Fmedia&parent=38"}],"wp:term":[{"taxonomy":"category","embeddable":true,"href":"https:\/\/moja-terapia.pl\/index.php?rest_route=%2Fwp%2Fv2%2Fcategories&post=38"},{"taxonomy":"post_tag","embeddable":true,"href":"https:\/\/moja-terapia.pl\/index.php?rest_route=%2Fwp%2Fv2%2Ftags&post=38"}],"curies":[{"name":"wp","href":"https:\/\/api.w.org\/{rel}","templated":true}]}}