{"id":1323,"date":"2025-05-30T08:33:37","date_gmt":"2025-05-30T08:33:37","guid":{"rendered":"https:\/\/moja-terapia.pl\/?page_id=1323"},"modified":"2025-05-30T09:32:39","modified_gmt":"2025-05-30T09:32:39","slug":"ukonczone-szkoly-i-szkolenia","status":"publish","type":"page","link":"https:\/\/moja-terapia.pl\/?page_id=1323","title":{"rendered":"UKO\u0143CZONE SZKO\u0141Y I SZKOLENIA"},"content":{"rendered":"\n<p><strong>2010<\/strong> <strong>Instytut Terapii Gestalt<\/strong><br>Roczny program rozwoju osobistego Sta\u017c Gestalt<\/p>\n\n\n\n<p><strong>2007-2010<\/strong> <strong>Wy\u017csza Szko\u0142a Komunikowania i Medi\u00f3w Spo\u0142ecznych im. Jerzego Giedroycia w Warszawie<\/strong><br>specjalno\u015b\u0107: komunikowanie i media<\/p>\n\n\n\n<p><strong>2010 T\u0118CZ\u00d3WKA<\/strong><br><em>Specyfika psychoterapii z osobami LGBT+ <\/em>z Danielem B\u0105kiem<\/p>\n\n\n\n<p><strong>2011 Program Rozwoju dla Pokoju &#8222;Ambasadorzy Empatii&#8221;<\/strong><\/p>\n\n\n\n<p><strong>2012<\/strong> <strong>Polskie Centrum Mediacji<\/strong><br>Specjalistyczne szkolenie na mediatora<\/p>\n\n\n\n<p><strong>2010-2013<\/strong> <strong>Collegium Civitas<\/strong><br>specjalno\u015b\u0107: stosowana psychologia spo\u0142eczna<\/p>\n\n\n\n<p><strong>2016 Niepubliczna Plac\u00f3wka Szkolenia Nauczycieli SYNAPSIS<\/strong><br><em>Podstawowe zagadnienia terapii i edukacji dzieci z autyzmem<\/em><\/p>\n\n\n\n<p><strong>2013-2017 Szko\u0142a Psychoterapii prowadzona przez O\u015brodek Pomocy i Edukacji Psychologicznej INTRA<\/strong><\/p>\n\n\n\n<p><strong>2017 Family Lab<\/strong><br><em>Wzajemna ciekawo\u015b\u0107, czyli o komunikacji doros\u0142ych z dzie\u0107mi<\/em><\/p>\n\n\n\n<p><strong>2017 O\u015brodek Pomocy i Edukacji Psychologicznej INTRA<\/strong><br><em>Pauza i kraw\u0119d\u017a. Jak uczyni\u0107 psychoterapi\u0119 bardziej do\u015bwiadczeniow\u0105?<\/em> z Claudem Missiaen<\/p>\n\n\n\n<p><strong>2018<\/strong> <strong>\u0141\u00f3dzkie Centrum Gestalt<\/strong><br><em>Wprowadzenie do Sexual Grounging Therapy<\/em> z Norburg\u0105 Fischer i Mini Soer<\/p>\n\n\n\n<p><strong>2018 Katowicki Instytut Psychoterapii<\/strong><br><em>Psychoterapia problem\u00f3w seksualnych<\/em> z mgr Ew\u0105 Ma\u0142achowsk\u0105 i dr S\u0142awomirem Jakim\u0105<\/p>\n\n\n\n<p><strong>2018 Instytut Integralnej Psychoterapii Gestalt<\/strong><br><em>Pomi\u0119dzy do\u015bwiadczeniem, eksperymentem a dalogiem egzystencjalnym<\/em> z Dorot\u0105 W\u0119grzyn<\/p>\n\n\n\n<p><strong>2018 O\u015brodek Pomocy i Edukacji Psychologicznej INTRA<\/strong><br><em>Trening asertywno\u015bci symbolicznej<\/em> z Piotrem Fijewskim<\/p>\n\n\n\n<p><strong>2019<\/strong> <strong>\u0141\u00f3dzkie Centrum Gestalt<\/strong><br><em>Psychoseksualny i relacyjny rozw\u00f3j od pocz\u0119cia az do \u015bmierci<\/em><br>Modu\u0142 pierwszy: &#8222;Faza przededypalna oraz dynamika tr\u00f3jk\u0105ta edypalnego&#8221; z Norburg\u0105 Fisher i Mini Soer<\/p>\n\n\n\n<p><strong>2021<\/strong> <strong>\u0141\u00f3dzkie Centrum Gestalt<\/strong><br><em>Psychoseksualny i relacyjny rozw\u00f3j od pocz\u0119cia az do \u015bmierci<\/em><br>Modu\u0142 drugi: &#8222;Wiek nastoletni&#8221; z Norburg\u0105 Fisher i Robert Fischer<\/p>\n\n\n\n<p><strong>2021<\/strong> <strong>\u0141\u00f3dzkie Centrum Gestalt<\/strong><br><em>Psychoseksualny i relacyjny rozw\u00f3j od pocz\u0119cia az do \u015bmierci<\/em><br>Modu\u0142 trzeci: &#8222;Doros\u0142o\u015b\u0107&#8221; z Robertem Fischerem i Mini Soer<\/p>\n\n\n\n<p><strong>2022<\/strong> <strong>\u0141\u00f3dzkie Centrum Gestalt<\/strong><br><em>Psychoseksualny i relacyjny rozw\u00f3j od pocz\u0119cia az do \u015bmierci<br><\/em>Modu\u0142 czwarty: &#8222;Staro\u015b\u0107&#8221; z Norburg\u0105 Fisher i Mini Soer<\/p>\n\n\n\n<p><strong>2022 \u0141\u00f3dzkie Centrum Gestalt<\/strong><br><em>Uciele\u015bnienie i kreatywno\u015b\u0107 w pracy z parami<\/em> z Norburg\u0105 Fischer<\/p>\n\n\n\n<p><strong>2020 Maria Pe\u0142ko Psychoterapia Szkolenia<\/strong><br><em>Uciele\u015bnione nawi\u0105zywanie relacji w psychoterapii integracyjnej <\/em>z Michaelem Soth&#8217;em<\/p>\n\n\n\n<p><strong>2024 \u0141\u00f3dzka Szko\u0142a Gestalt<\/strong><br><em>Praca ze z\u0142o\u017con\u0105\/rozwojow\u0105 traum\u0105<\/em> z Grahamem Colborne&#8217;m<\/p>\n\n\n\n<p><strong>2024 NEUROVERSE<\/strong><br><em>ADHD: Funkcjonowanie, diagnoza, terapia<\/em> z Zuzann\u0105 Gowor-Kotkowsk\u0105 i Piotrem Matyjaskiem<\/p>\n\n\n\n<p><strong>2024 NEUROVERSE<\/strong><br><em>ASD: Funkcjonowanie, diagnoza, terapia <\/em>z Zuzann\u0105 Gowor-Kotkowsk\u0105 i Piotrem Matyjaskiem<\/p>\n\n\n\n<p><\/p>\n\n\n\n<p><\/p>\n\n\n\n<p><\/p>\n\n\n\n<p><\/p>\n\n\n\n<p><br><br><\/p>\n\n\n\n<p><\/p>\n","protected":false},"excerpt":{"rendered":"<p>2010 Instytut Terapii GestaltRoczny program rozwoju osobistego Sta\u017c Gestalt 2007-2010 Wy\u017csza Szko\u0142a Komunikowania i Medi\u00f3w Spo\u0142ecznych im. Jerzego Giedroycia w Warszawiespecjalno\u015b\u0107: komunikowanie i media 2010 T\u0118CZ\u00d3WKASpecyfika psychoterapii z osobami LGBT+ z Danielem B\u0105kiem 2011 Program Rozwoju dla Pokoju &#8222;Ambasadorzy Empatii&#8221; 2012 Polskie Centrum MediacjiSpecjalistyczne szkolenie na mediatora 2010-2013 Collegium Civitasspecjalno\u015b\u0107: stosowana psychologia spo\u0142eczna 2016 Niepubliczna [&hellip;]<\/p>\n","protected":false},"author":1,"featured_media":0,"parent":0,"menu_order":0,"comment_status":"closed","ping_status":"closed","template":"","meta":{"footnotes":""},"categories":[],"tags":[],"_links":{"self":[{"href":"https:\/\/moja-terapia.pl\/index.php?rest_route=\/wp\/v2\/pages\/1323"}],"collection":[{"href":"https:\/\/moja-terapia.pl\/index.php?rest_route=\/wp\/v2\/pages"}],"about":[{"href":"https:\/\/moja-terapia.pl\/index.php?rest_route=\/wp\/v2\/types\/page"}],"author":[{"embeddable":true,"href":"https:\/\/moja-terapia.pl\/index.php?rest_route=\/wp\/v2\/users\/1"}],"replies":[{"embeddable":true,"href":"https:\/\/moja-terapia.pl\/index.php?rest_route=%2Fwp%2Fv2%2Fcomments&post=1323"}],"version-history":[{"count":4,"href":"https:\/\/moja-terapia.pl\/index.php?rest_route=\/wp\/v2\/pages\/1323\/revisions"}],"predecessor-version":[{"id":1331,"href":"https:\/\/moja-terapia.pl\/index.php?rest_route=\/wp\/v2\/pages\/1323\/revisions\/1331"}],"wp:attachment":[{"href":"https:\/\/moja-terapia.pl\/index.php?rest_route=%2Fwp%2Fv2%2Fmedia&parent=1323"}],"wp:term":[{"taxonomy":"category","embeddable":true,"href":"https:\/\/moja-terapia.pl\/index.php?rest_route=%2Fwp%2Fv2%2Fcategories&post=1323"},{"taxonomy":"post_tag","embeddable":true,"href":"https:\/\/moja-terapia.pl\/index.php?rest_route=%2Fwp%2Fv2%2Ftags&post=1323"}],"curies":[{"name":"wp","href":"https:\/\/api.w.org\/{rel}","templated":true}]}}