{"id":1278,"date":"2024-09-09T20:23:23","date_gmt":"2024-09-09T20:23:23","guid":{"rendered":"https:\/\/moja-terapia.pl\/?page_id=1278"},"modified":"2024-12-18T13:12:15","modified_gmt":"2024-12-18T13:12:15","slug":"aneta-papuga","status":"publish","type":"page","link":"https:\/\/moja-terapia.pl\/?page_id=1278","title":{"rendered":"ANETA PAPUGA"},"content":{"rendered":"\n<p class=\"has-black-color has-text-color has-link-color has-medium-font-size wp-elements-5954be2169e7c1c9126129332a27453b\"><strong>Jestem psychoterapeutk\u0105 po ca\u0142o\u015bciowym szkoleniu psychoterapeutycznym w Instytucie Integralnej Psychoterapii Gestalt, kt\u00f3rego program posiada akredytacj\u0119 EAGT (European Association for Gestalt Therapy) i jest zgodny z wymogami EAP (European Association for Psychotherapy)<\/strong>.<\/p>\n\n\n\n<p class=\"has-black-color has-text-color has-link-color has-medium-font-size wp-elements-eed5dd27e6d062bec3628a5d8eccf4d6\">Wiedz\u0119 z zakresu psychologii, pedagogiki i filozofii przydatn\u0105 w pracy terapeutycznej, zdobywa\u0142am studiuj\u0105c nauki o rodzinie na UKSW a do\u015bwiadczenie zawodowe, podczas sta\u017cu klinicznego w Instytucie Psychiatrii i Neurologii w Warszawie, na Oddziale Chor\u00f3b Afektywnych oraz w Fundacji Nagle Sami, gdzie udziela\u0142am wsparcia psychologicznego i interwencyjnego osobom po stracie bliskich.<\/p>\n\n\n\n<p class=\"has-black-color has-text-color has-link-color has-medium-font-size wp-elements-38cc86b67ce9a9fdc8262388dd1cadc1\">Psychoterapi\u0119 rozumiem, jako fascynuj\u0105cy i czasem bolesny proces odzyskiwania autentyczno\u015bci w relacji ze sob\u0105 i z drugim cz\u0142owiekiem, odnajdowanie odpowiedzi na pytanie kim jestem, jaka jest moja natura, co mog\u0119 zrobi\u0107, by czerpa\u0107 wi\u0119cej rado\u015bci i satysfakcji z \u017cycia, nie rezygnuj\u0105c z tego, co dla mnie wa\u017cne?<\/p>\n\n\n\n<p class=\"has-black-color has-text-color has-link-color has-medium-font-size wp-elements-c74761152641c8e0d6f8496490fbf277\">Mam 48 lat, jestem m\u0119\u017catk\u0105 i mam\u0105 doros\u0142ej c\u00f3rki. Nauczy\u0142am si\u0119 widzie\u0107 \u015bwiat z r\u00f3\u017cnych perspektyw, coraz cz\u0119\u015bciej do\u015bwiadczam g\u0142\u0119bokiej rado\u015bci p\u0142yn\u0105cej z tego, \u017ce \u017cyj\u0119. Wiem, jak trudne bywa zaakceptowanie swoich uczu\u0107 i zrozumienie potrzeb, jak trudno czasem tego nowego siebie prezentowa\u0107 \u015bwiatu, i jak ogromnym wsparciem bywa wtedy nieoceniaj\u0105cy, wspieraj\u0105cy, dbaj\u0105cy o nas cz\u0142owiek. Staram si\u0119 pe\u0142ni\u0107 t\u0119 funkcj\u0119 z czu\u0142o\u015bci\u0105, \u017cyczliwo\u015bci\u0105 i humorem. Swoj\u0105 prac\u0119 poddaj\u0119 regularnej superwizji.<\/p>\n\n\n\n<div class=\"wp-block-media-text is-stacked-on-mobile\" style=\"grid-template-columns:20% auto\"><figure class=\"wp-block-media-text__media\"><img loading=\"lazy\" decoding=\"async\" width=\"768\" height=\"1024\" src=\"https:\/\/moja-terapia.pl\/wp-content\/uploads\/2024\/09\/e4d36d16-31ce-4329-9d70-2a84a87c2343-1-768x1024.jpg\" alt=\"\" class=\"wp-image-1271 size-full\" srcset=\"https:\/\/moja-terapia.pl\/wp-content\/uploads\/2024\/09\/e4d36d16-31ce-4329-9d70-2a84a87c2343-1-768x1024.jpg 768w, https:\/\/moja-terapia.pl\/wp-content\/uploads\/2024\/09\/e4d36d16-31ce-4329-9d70-2a84a87c2343-1-225x300.jpg 225w, https:\/\/moja-terapia.pl\/wp-content\/uploads\/2024\/09\/e4d36d16-31ce-4329-9d70-2a84a87c2343-1-1152x1536.jpg 1152w, https:\/\/moja-terapia.pl\/wp-content\/uploads\/2024\/09\/e4d36d16-31ce-4329-9d70-2a84a87c2343-1.jpg 1200w\" sizes=\"(max-width: 768px) 100vw, 768px\" \/><\/figure><div class=\"wp-block-media-text__content\">\n<p class=\"has-black-color has-text-color has-link-color has-medium-font-size wp-elements-369adddb25730cf9d22dea2e37fd9e86\">Przyjmuj\u0119 w piatki, na warszawskim \u017boliborzu, przy Pl. Inwalid\u00f3w 4\/6\/8 m. 3<br>Zapraszam,<br><em>Aneta Papuga<\/em><br>tel. 602 484 833<br>e-mail: anetfp@poczta.onet.pl<\/p>\n<\/div><\/div>\n","protected":false},"excerpt":{"rendered":"<p>Jestem psychoterapeutk\u0105 po ca\u0142o\u015bciowym szkoleniu psychoterapeutycznym w Instytucie Integralnej Psychoterapii Gestalt, kt\u00f3rego program posiada akredytacj\u0119 EAGT (European Association for Gestalt Therapy) i jest zgodny z wymogami EAP (European Association for Psychotherapy). Wiedz\u0119 z zakresu psychologii, pedagogiki i filozofii przydatn\u0105 w pracy terapeutycznej, zdobywa\u0142am studiuj\u0105c nauki o rodzinie na UKSW a do\u015bwiadczenie zawodowe, podczas sta\u017cu klinicznego [&hellip;]<\/p>\n","protected":false},"author":1,"featured_media":0,"parent":0,"menu_order":0,"comment_status":"closed","ping_status":"closed","template":"","meta":{"footnotes":""},"categories":[],"tags":[],"_links":{"self":[{"href":"https:\/\/moja-terapia.pl\/index.php?rest_route=\/wp\/v2\/pages\/1278"}],"collection":[{"href":"https:\/\/moja-terapia.pl\/index.php?rest_route=\/wp\/v2\/pages"}],"about":[{"href":"https:\/\/moja-terapia.pl\/index.php?rest_route=\/wp\/v2\/types\/page"}],"author":[{"embeddable":true,"href":"https:\/\/moja-terapia.pl\/index.php?rest_route=\/wp\/v2\/users\/1"}],"replies":[{"embeddable":true,"href":"https:\/\/moja-terapia.pl\/index.php?rest_route=%2Fwp%2Fv2%2Fcomments&post=1278"}],"version-history":[{"count":4,"href":"https:\/\/moja-terapia.pl\/index.php?rest_route=\/wp\/v2\/pages\/1278\/revisions"}],"predecessor-version":[{"id":1303,"href":"https:\/\/moja-terapia.pl\/index.php?rest_route=\/wp\/v2\/pages\/1278\/revisions\/1303"}],"wp:attachment":[{"href":"https:\/\/moja-terapia.pl\/index.php?rest_route=%2Fwp%2Fv2%2Fmedia&parent=1278"}],"wp:term":[{"taxonomy":"category","embeddable":true,"href":"https:\/\/moja-terapia.pl\/index.php?rest_route=%2Fwp%2Fv2%2Fcategories&post=1278"},{"taxonomy":"post_tag","embeddable":true,"href":"https:\/\/moja-terapia.pl\/index.php?rest_route=%2Fwp%2Fv2%2Ftags&post=1278"}],"curies":[{"name":"wp","href":"https:\/\/api.w.org\/{rel}","templated":true}]}}